{"id":5607,"date":"2017-04-08T10:43:35","date_gmt":"2017-04-08T10:43:35","guid":{"rendered":"https:\/\/bach-competition.om-webspace.de\/home\/"},"modified":"2024-08-18T08:26:34","modified_gmt":"2024-08-18T08:26:34","slug":"home","status":"publish","type":"page","link":"https:\/\/bach-competition.om-webspace.de\/de\/","title":{"rendered":"Startseite"},"content":{"rendered":"<div id='av_section_1'  class='avia-section av-2cy8e-517306a97eceaa7f9fb0ef073e7d4251 main_color avia-section-default avia-no-border-styling  avia-builder-el-0  el_before_av_section  avia-builder-el-first  avia-bg-style-scroll container_wrap fullsize'  ><div class='container av-section-cont-open' ><main  role=\"main\" itemprop=\"mainContentOfPage\"  class='template-page content  av-content-full alpha units'><div class='post-entry post-entry-type-page post-entry-5607'><div class='entry-content-wrapper clearfix'>\n<div  class='flex_column av-12ixq-74e3f2d26f421c29d4e0190563b06b7f av_one_half  avia-builder-el-1  el_before_av_one_half  avia-builder-el-first  first flex_column_div  '     ><section  class='av_textblock_section av-ls5zknae-665ceac8114d14ca85b15dd6c19a3e0d '   itemscope=\"itemscope\" itemtype=\"https:\/\/schema.org\/CreativeWork\" ><div class='avia_textblock'  itemprop=\"text\" ><div class=\"n2-ss-layer n2-ow n-uc-9ycqJDZZiFm6 n2-ss-layer--auto\" data-pm=\"normal\" data-sstype=\"layer\">\n<h1 class=\"n2-font-8accbb9921c836ad0911d47021e1ac2e-hover n2-style-8c40923a07923931bdae79847968676f-heading n2-ss-item-content n2-ss-text n2-ow\" style=\"text-align: left;\">Internationaler Klavierwettbewerb J.S. Bach<\/h1>\n<\/div>\n<div class=\"n2-ss-layer n2-ow n-uc-Gw31xDzpSSH1\" data-pm=\"normal\" data-sstype=\"layer\">\n<h2 id=\"n2-ss-2item6\" class=\"n2-font-414e381b87d711e49b29e49406b65540-hover n2-style-29a300806a86a56009a7f6721112da03-heading n2-ss-item-content n2-ss-text n2-ow\" style=\"text-align: left;\">in Memoriam Walter Blankenheim<\/h2>\n<\/div>\n<\/div><\/section><br \/>\n\n<style type=\"text\/css\" data-created_by=\"avia_inline_auto\" id=\"style-css-av-ls69wjra-6d75d0a442b4d327632490ff35b9985f\">\n#top .hr.hr-invisible.av-ls69wjra-6d75d0a442b4d327632490ff35b9985f{\nheight:40px;\n}\n<\/style>\n<div  class='hr av-ls69wjra-6d75d0a442b4d327632490ff35b9985f hr-invisible  avia-builder-el-3  el_after_av_textblock  el_before_av_textblock '><span class='hr-inner '><span class=\"hr-inner-style\"><\/span><\/span><\/div><br \/>\n<section  class='av_textblock_section av-ls69tz5k-b184d62ec46e0a294429281a9e36620d '   itemscope=\"itemscope\" itemtype=\"https:\/\/schema.org\/CreativeWork\" ><div class='avia_textblock'  itemprop=\"text\" ><div class=\"n2-ss-layer n2-ow n-uc-9ycqJDZZiFm6 n2-ss-layer--auto\" data-pm=\"normal\" data-sstype=\"layer\">\n<p>Dieser Wettbewerb gibt jungen Pianisten aller Nationen Gelegenheit, miteinander f\u00fcr eine hohe Zielsetzung zu konkurrieren: das \u00abBach-Bild\u00bb im \u00f6ffentlichen Konzert und auch im p\u00e4dagogischen Bereich zu aktualisieren und seinen Stellenwert deutlich hervorzuheben.<\/p>\n<p>Im Wettbewerb sollten die Kandidaten nicht nur pianistische und k\u00fcnstlerische F\u00e4higkeiten, sondern auch eine stilistisch ausgefeilte Bach-Interpretation zeigen. Dennoch gibt es einen Spielraum f\u00fcr individuelle Interpretationen im Rahmen der Texttreue.<\/p>\n<p>Wir w\u00fcnschen allen Teilnehmerinnen und Teilnehmern das Beste. Dieser Erfolg besteht nicht unbedingt darin, einen Preis zu gewinnen, sondern vor allem in der intensiven Besch\u00e4ftigung mit den Werken Bachs, in der Begegnung mit verschiedenen Interpretationen, im Zuh\u00f6ren und im konstruktiven Dialog.<\/p>\n<\/div>\n<div class=\"n2-ss-layer n2-ow n-uc-Gw31xDzpSSH1\" data-pm=\"normal\" data-sstype=\"layer\"><\/div>\n<\/div><\/section><\/p><\/div><div  class='flex_column av-1d8yy-e4ae7f7b892c63509cddac4024d220b6 av_one_half  avia-builder-el-5  el_after_av_one_half  avia-builder-el-last  flex_column_div  '     ><section  class='av_textblock_section av-ls61a3vg-f500135861a26985bb481cb69f9cd240 '   itemscope=\"itemscope\" itemtype=\"https:\/\/schema.org\/CreativeWork\" ><div class='avia_textblock'  itemprop=\"text\" >\n<\/div><\/section><\/div>\n\n<\/div><\/div><\/main><!-- close content main element --><\/div><\/div>\n<style type=\"text\/css\" data-created_by=\"avia_inline_auto\" id=\"style-css-av-10e8m-12-b1b5511e26f4241518e9c00b05efbf96\">\n.avia-section.av-10e8m-12-b1b5511e26f4241518e9c00b05efbf96{\nbackground-color:#dfe0e4;\nbackground-image:unset;\n}\n<\/style>\n<div id='av_section_2'  class='avia-section av-10e8m-12-b1b5511e26f4241518e9c00b05efbf96 main_color avia-section-default avia-no-border-styling  avia-builder-el-7  el_after_av_section  avia-builder-el-last  avia-bg-style-scroll container_wrap fullsize'  ><div class='container av-section-cont-open' ><div class='template-page content  av-content-full alpha units'><div class='post-entry post-entry-type-page post-entry-5607'><div class='entry-content-wrapper clearfix'>\n\n<style type=\"text\/css\" data-created_by=\"avia_inline_auto\" id=\"style-css-av-1fg26-10-a65e83c5fb03fa33cb88e67746ac8778\">\n@-webkit-keyframes av_boxShadowEffect_av-1fg26-10-a65e83c5fb03fa33cb88e67746ac8778-column {\n0%   { box-shadow:  0 0 0 0 ; opacity: 1; }\n100% { box-shadow:  0 0 10px 0 ; opacity: 1; }\n}\n@keyframes av_boxShadowEffect_av-1fg26-10-a65e83c5fb03fa33cb88e67746ac8778-column {\n0%   { box-shadow:  0 0 0 0 ; opacity: 1; }\n100% { box-shadow:  0 0 10px 0 ; opacity: 1; }\n}\n.flex_column.av-1fg26-10-a65e83c5fb03fa33cb88e67746ac8778{\n-webkit-border-radius:0px 0px 0px 0px;\n-moz-border-radius:0px 0px 0px 0px;\nborder-radius:0px 0px 0px 0px;\npadding:20px 0px 0px 0px;\n}\n<\/style>\n<div  class='flex_column av-1fg26-10-a65e83c5fb03fa33cb88e67746ac8778 av_one_half  avia-builder-el-8  el_before_av_one_half  avia-builder-el-first  first flex_column_div av-animated-generic fade-in  '     ><section  class='av_textblock_section av-lr21f1l4-2933ccf21a052fdcec53e8f259b33432 '   itemscope=\"itemscope\" itemtype=\"https:\/\/schema.org\/CreativeWork\" ><div class='avia_textblock'  itemprop=\"text\" ><h2>Der 12. Internationale Klavierwettbewerb J.S. Bach<\/h2>\n<h3>in Memoriam Walter Blankenheim<\/h3>\n<\/div><\/section><br \/>\n\n<style type=\"text\/css\" data-created_by=\"avia_inline_auto\" id=\"style-css-av-1rjbm-c8d74a54afa7dace4ee986c3fc7311a5\">\n#top .hr.hr-invisible.av-1rjbm-c8d74a54afa7dace4ee986c3fc7311a5{\nheight:40px;\n}\n<\/style>\n<div  class='hr av-1rjbm-c8d74a54afa7dace4ee986c3fc7311a5 hr-invisible  avia-builder-el-10  el_after_av_textblock  el_before_av_textblock '><span class='hr-inner '><span class=\"hr-inner-style\"><\/span><\/span><\/div><br \/>\n<section  class='av_textblock_section av-lrkn7s6t-a174dd69bdfa4c281c9fc1958d45aacb '   itemscope=\"itemscope\" itemtype=\"https:\/\/schema.org\/CreativeWork\" ><div class='avia_textblock'  itemprop=\"text\" ><h3>Der Wettbewerb besteht aus 3 Durchg\u00e4ngen:<\/h3>\n<h4>\n<p>16. September 2024: Preliminary (online)<br \/>\n19. \u2013 22. M\u00e4rz 2025: Semi-Final und Final, (Pr\u00e4senz-Durchg\u00e4nge)<br \/>\n23. M\u00e4rz 2025: Preisverleihung mit Konzert<\/h4>\n<\/div><\/section><br \/>\n\n<style type=\"text\/css\" data-created_by=\"avia_inline_auto\" id=\"style-css-av-lrkngd8w-374f1bf72503109fc9cb97ba86a7fbbe\">\n#top .hr.hr-invisible.av-lrkngd8w-374f1bf72503109fc9cb97ba86a7fbbe{\nheight:40px;\n}\n<\/style>\n<div  class='hr av-lrkngd8w-374f1bf72503109fc9cb97ba86a7fbbe hr-invisible  avia-builder-el-12  el_after_av_textblock  el_before_av_textblock '><span class='hr-inner '><span class=\"hr-inner-style\"><\/span><\/span><\/div><br \/>\n<section  class='av_textblock_section av-lrkn5bqg-bc63e57c1672375fc4eeb30e06225071 '   itemscope=\"itemscope\" itemtype=\"https:\/\/schema.org\/CreativeWork\" ><div class='avia_textblock'  itemprop=\"text\" ><p>Teilnahmeberechtigt sind Pianistinnen und Pianisten, die nach dem 21. M\u00e4rz 1988 geboren sind, d.h. zum Zeitpunkt des Wettbewerbs nicht \u00e4lter als 36 Jahre sind.<\/p>\n<p><strong>Das Anmeldeformular wird vom 1. bis 15. September 2024 auf dieser Website ge\u00f6ffnet sein.<\/strong><\/p>\n<p>Wir bitten Sie, die vollst\u00e4ndige Anmeldung (+ link(s) + Anmeldegeb\u00fchr + Foto + Curriculum) zwischen dem 1. und 15. September 2024 an uns zu senden.<\/p>\n<p>Dazu kopieren Sie bitte den link, die links zu Ihrem Video in das Anmeldeformular.<\/p>\n<p>Die Anmeldegeb\u00fchr kann per Bank oder \u00fcber paypal \u00fcberwiesen werden.<\/p>\n<\/div><\/section><br \/>\n\n<style type=\"text\/css\" data-created_by=\"avia_inline_auto\" id=\"style-css-av-vjs2-e69d124d36063b529d89154d21826d72\">\n#top .hr.hr-invisible.av-vjs2-e69d124d36063b529d89154d21826d72{\nheight:40px;\n}\n<\/style>\n<div  class='hr av-vjs2-e69d124d36063b529d89154d21826d72 hr-invisible  avia-builder-el-14  el_after_av_textblock  el_before_av_button '><span class='hr-inner '><span class=\"hr-inner-style\"><\/span><\/span><\/div><br \/>\n<div  class='avia-button-wrap av-lr2ef76i-93fa1829f54f0e44844a4e287e9929e2-wrap avia-button-left  avia-builder-el-15  el_after_av_hr  el_before_av_button '>\n<style type=\"text\/css\" data-created_by=\"avia_inline_auto\" id=\"style-css-av-lr2ef76i-93fa1829f54f0e44844a4e287e9929e2\">\n#top #wrap_all .avia-button.av-lr2ef76i-93fa1829f54f0e44844a4e287e9929e2{\nfont-size:20px;\nbackground-color:#b5b5b5;\nborder-color:#b5b5b5;\ncolor:#000000;\n-webkit-transition:all 0.4s ease-in-out;\n-moz-transition:all 0.4s ease-in-out;\n-ms-transition:all 0.4s ease-in-out;\n-o-transition:all 0.4s ease-in-out;\ntransition:all 0.4s ease-in-out;\n}\n<\/style>\n<a href='https:\/\/bach-competition.om-webspace.de\/de\/competition\/#Repertoire'  class='avia-button av-lr2ef76i-93fa1829f54f0e44844a4e287e9929e2 avia-icon_select-no avia-size-small avia-position-left'  ><span class='avia_iconbox_title' >Repertoire<\/span><\/a><\/div><br \/>\n<div  class='avia-button-wrap av-lrknew02-79c3ff63ffab7ebdc2cc57199a35c127-wrap avia-button-left  avia-builder-el-16  el_after_av_button  el_before_av_button '>\n<style type=\"text\/css\" data-created_by=\"avia_inline_auto\" id=\"style-css-av-lrknew02-79c3ff63ffab7ebdc2cc57199a35c127\">\n#top #wrap_all .avia-button.av-lrknew02-79c3ff63ffab7ebdc2cc57199a35c127{\nfont-size:20px;\nbackground-color:#b5b5b5;\nborder-color:#b5b5b5;\ncolor:#000000;\n-webkit-transition:all 0.4s ease-in-out;\n-moz-transition:all 0.4s ease-in-out;\n-ms-transition:all 0.4s ease-in-out;\n-o-transition:all 0.4s ease-in-out;\ntransition:all 0.4s ease-in-out;\n}\n<\/style>\n<a href='https:\/\/bach-competition.om-webspace.de\/de\/competition\/#RulesandRegulations'  class='avia-button av-lrknew02-79c3ff63ffab7ebdc2cc57199a35c127 avia-icon_select-no avia-size-small avia-position-left'  ><span class='avia_iconbox_title' >Regeln und Vorschriften<\/span><\/a><\/div><br \/>\n<div  class='avia-button-wrap av-lrkofx1d-ebb1d2ebf4059381e3b244909b1afec5-wrap avia-button-left  avia-builder-el-17  el_after_av_button  el_before_av_button '>\n<style type=\"text\/css\" data-created_by=\"avia_inline_auto\" id=\"style-css-av-lrkofx1d-ebb1d2ebf4059381e3b244909b1afec5\">\n#top #wrap_all .avia-button.av-lrkofx1d-ebb1d2ebf4059381e3b244909b1afec5{\nfont-size:20px;\nbackground-color:#b5b5b5;\nborder-color:#b5b5b5;\ncolor:#000000;\n-webkit-transition:all 0.4s ease-in-out;\n-moz-transition:all 0.4s ease-in-out;\n-ms-transition:all 0.4s ease-in-out;\n-o-transition:all 0.4s ease-in-out;\ntransition:all 0.4s ease-in-out;\n}\n<\/style>\n<a href='https:\/\/bach-competition.om-webspace.de\/de\/competition\/#PRIZES'  class='avia-button av-lrkofx1d-ebb1d2ebf4059381e3b244909b1afec5 avia-icon_select-no avia-size-small avia-position-left'  ><span class='avia_iconbox_title' >Preise<\/span><\/a><\/div><br \/>\n<div  class='avia-button-wrap av-lrp48ccl-4eaf38ab3c1d06a70bff5155f77b9426-wrap avia-button-left  avia-builder-el-18  el_after_av_button  avia-builder-el-last '>\n<style type=\"text\/css\" data-created_by=\"avia_inline_auto\" id=\"style-css-av-lrp48ccl-4eaf38ab3c1d06a70bff5155f77b9426\">\n#top #wrap_all .avia-button.av-lrp48ccl-4eaf38ab3c1d06a70bff5155f77b9426{\nfont-size:20px;\nbackground-color:#b5b5b5;\nborder-color:#b5b5b5;\ncolor:#000000;\n-webkit-transition:all 0.4s ease-in-out;\n-moz-transition:all 0.4s ease-in-out;\n-ms-transition:all 0.4s ease-in-out;\n-o-transition:all 0.4s ease-in-out;\ntransition:all 0.4s ease-in-out;\n}\n<\/style>\n<a href='https:\/\/bach-competition.om-webspace.de\/de\/application\/'  class='avia-button av-lrp48ccl-4eaf38ab3c1d06a70bff5155f77b9426 avia-icon_select-no avia-size-small avia-position-left'  ><span class='avia_iconbox_title' >Anmeldung<\/span><\/a><\/div><\/p><\/div>\n<style type=\"text\/css\" data-created_by=\"avia_inline_auto\" id=\"style-css-av-lrbvf6ji-f480866251ef16434e580bc905c687a3\">\n@-webkit-keyframes av_boxShadowEffect_av-lrbvf6ji-f480866251ef16434e580bc905c687a3-column {\n0%   { box-shadow:  0 0 0 0 ; opacity: 1; }\n100% { box-shadow:  0 0 10px 0 ; opacity: 1; }\n}\n@keyframes av_boxShadowEffect_av-lrbvf6ji-f480866251ef16434e580bc905c687a3-column {\n0%   { box-shadow:  0 0 0 0 ; opacity: 1; }\n100% { box-shadow:  0 0 10px 0 ; opacity: 1; }\n}\n.flex_column.av-lrbvf6ji-f480866251ef16434e580bc905c687a3{\n-webkit-border-radius:0px 0px 0px 0px;\n-moz-border-radius:0px 0px 0px 0px;\nborder-radius:0px 0px 0px 0px;\npadding:20px 0px 0px 0px;\n}\n<\/style>\n<div  class='flex_column av-lrbvf6ji-f480866251ef16434e580bc905c687a3 av_one_half  avia-builder-el-19  el_after_av_one_half  avia-builder-el-last  flex_column_div  '     ><style type=\"text\/css\" data-created_by=\"avia_inline_auto\" id=\"style-css-av-lrhycdxh-81be882927d6f7e53d966eef1aeca1e4\">\n.avia-image-container.av-lrhycdxh-81be882927d6f7e53d966eef1aeca1e4 img.avia_image{\n-webkit-box-shadow:none;\n-moz-box-shadow:none;\nbox-shadow:none;\n}\n.avia-image-container.av-lrhycdxh-81be882927d6f7e53d966eef1aeca1e4 .av-image-caption-overlay-center{\ncolor:#ffffff;\nfont-size:10px;\n}\n<\/style>\n<div  class='avia-image-container av-lrhycdxh-81be882927d6f7e53d966eef1aeca1e4 av-styling- avia-align-center  avia-builder-el-20  avia-builder-el-no-sibling  FTS'   itemprop=\"image\" itemscope=\"itemscope\" itemtype=\"https:\/\/schema.org\/ImageObject\" ><div class=\"avia-image-container-inner\"><div class=\"avia-image-overlay-wrap\"><img decoding=\"async\" fetchpriority=\"high\" class='wp-image-5547 avia-img-lazy-loading-not-5547 avia_image ' src=\"https:\/\/bach-competition.om-webspace.de\/wp-content\/uploads\/2024\/01\/Festsaal-Saarbruecker-Schloss-Thomas-Salzmann-1.png\" alt='' title='Festsaal Saarbr\u00fccker Schloss -Thomas Salzmann'  height=\"726\" width=\"1025\"  itemprop=\"thumbnailUrl\" srcset=\"https:\/\/bach-competition.om-webspace.de\/wp-content\/uploads\/2024\/01\/Festsaal-Saarbruecker-Schloss-Thomas-Salzmann-1.png 1025w, https:\/\/bach-competition.om-webspace.de\/wp-content\/uploads\/2024\/01\/Festsaal-Saarbruecker-Schloss-Thomas-Salzmann-1-300x212.png 300w, https:\/\/bach-competition.om-webspace.de\/wp-content\/uploads\/2024\/01\/Festsaal-Saarbruecker-Schloss-Thomas-Salzmann-1-768x544.png 768w, https:\/\/bach-competition.om-webspace.de\/wp-content\/uploads\/2024\/01\/Festsaal-Saarbruecker-Schloss-Thomas-Salzmann-1-260x185.png 260w, https:\/\/bach-competition.om-webspace.de\/wp-content\/uploads\/2024\/01\/Festsaal-Saarbruecker-Schloss-Thomas-Salzmann-1-705x499.png 705w\" sizes=\"(max-width: 1025px) 100vw, 1025px\" \/><\/div><\/div><\/div><\/div>\n\n","protected":false},"excerpt":{"rendered":"","protected":false},"author":1,"featured_media":0,"parent":0,"menu_order":0,"comment_status":"closed","ping_status":"closed","template":"","meta":{"footnotes":""},"class_list":["post-5607","page","type-page","status-publish","hentry"],"_links":{"self":[{"href":"https:\/\/bach-competition.om-webspace.de\/de\/wp-json\/wp\/v2\/pages\/5607","targetHints":{"allow":["GET"]}}],"collection":[{"href":"https:\/\/bach-competition.om-webspace.de\/de\/wp-json\/wp\/v2\/pages"}],"about":[{"href":"https:\/\/bach-competition.om-webspace.de\/de\/wp-json\/wp\/v2\/types\/page"}],"author":[{"embeddable":true,"href":"https:\/\/bach-competition.om-webspace.de\/de\/wp-json\/wp\/v2\/users\/1"}],"replies":[{"embeddable":true,"href":"https:\/\/bach-competition.om-webspace.de\/de\/wp-json\/wp\/v2\/comments?post=5607"}],"version-history":[{"count":16,"href":"https:\/\/bach-competition.om-webspace.de\/de\/wp-json\/wp\/v2\/pages\/5607\/revisions"}],"predecessor-version":[{"id":6563,"href":"https:\/\/bach-competition.om-webspace.de\/de\/wp-json\/wp\/v2\/pages\/5607\/revisions\/6563"}],"wp:attachment":[{"href":"https:\/\/bach-competition.om-webspace.de\/de\/wp-json\/wp\/v2\/media?parent=5607"}],"curies":[{"name":"wp","href":"https:\/\/api.w.org\/{rel}","templated":true}]}}